{"id":99,"date":"2018-06-13T08:53:08","date_gmt":"2018-06-13T08:53:08","guid":{"rendered":"http:\/\/localhost\/wordpress1\/?page_id=99"},"modified":"2018-07-18T09:01:46","modified_gmt":"2018-07-18T09:01:46","slug":"trockenbau","status":"publish","type":"page","link":"https:\/\/www.hertwig-sanierung.de\/hertwig\/trockenbau\/","title":{"rendered":"Trockenbau"},"content":{"rendered":"<p>Einfach, schnell und g\u00fcnstig. Mit Trockenbauw\u00e4nden &#8211; auch Akustikbau genannt &#8211; lassen sich R\u00e4ume strukturieren und so eine angenehme Raufaufteilung schaffen. Ebenso kann eine akustische Trennung z.B. zwischen Wohnraum und Treppenhaus oder \u00fcbereinander liegenden Wohnr\u00e4umen durch das Abh\u00e4ngen und D\u00e4mmen von Decken erfolgen. Im Zuge von Sanierungsarbeiten k\u00f6nnen Wandfl\u00e4chen durch das Bekleben mit Gipskartonplatten begradigt und so aufw\u00e4ndige Verputzarbeiten umgangen werden.<br \/>\n<\/br><br \/>\n<div id=\"attachment_355\" style=\"width: 610px\" class=\"wp-caption aligncenter\"><img loading=\"lazy\" decoding=\"async\" aria-describedby=\"caption-attachment-355\" src=\"http:\/\/www.hertwig-sanierung.de\/hertwig\/wp-content\/uploads\/2018\/07\/dreamstime_xxl_102350728_1200x800-300x200.jpg\" alt=\"\" width=\"600\" height=\"400\" class=\"size-medium wp-image-355\" srcset=\"https:\/\/www.hertwig-sanierung.de\/hertwig\/wp-content\/uploads\/2018\/07\/dreamstime_xxl_102350728_1200x800-300x200.jpg 300w, https:\/\/www.hertwig-sanierung.de\/hertwig\/wp-content\/uploads\/2018\/07\/dreamstime_xxl_102350728_1200x800-768x512.jpg 768w, https:\/\/www.hertwig-sanierung.de\/hertwig\/wp-content\/uploads\/2018\/07\/dreamstime_xxl_102350728_1200x800-1024x683.jpg 1024w, https:\/\/www.hertwig-sanierung.de\/hertwig\/wp-content\/uploads\/2018\/07\/dreamstime_xxl_102350728_1200x800-272x182.jpg 272w, https:\/\/www.hertwig-sanierung.de\/hertwig\/wp-content\/uploads\/2018\/07\/dreamstime_xxl_102350728_1200x800.jpg 1200w\" sizes=\"(max-width: 600px) 100vw, 600px\" \/><p id=\"caption-attachment-355\" class=\"wp-caption-text\">Trockenbau &#8211; Montage einer Gipskartonplatte<\/p><\/div><\/p>\n","protected":false},"excerpt":{"rendered":"<p>Einfach, schnell und g\u00fcnstig. Mit Trockenbauw\u00e4nden &#8211; auch Akustikbau genannt &#8211; lassen sich R\u00e4ume strukturieren und so eine angenehme Raufaufteilung schaffen. Ebenso kann eine akustische Trennung z.B. zwischen Wohnraum und Treppenhaus oder \u00fcbereinander liegenden Wohnr\u00e4umen durch das Abh\u00e4ngen und D\u00e4mmen von Decken erfolgen. Im Zuge von Sanierungsarbeiten k\u00f6nnen Wandfl\u00e4chen durch das Bekleben mit Gipskartonplatten begradigt [&hellip;]<\/p>\n","protected":false},"author":1,"featured_media":0,"parent":0,"menu_order":0,"comment_status":"closed","ping_status":"closed","template":"","meta":{"footnotes":""},"_links":{"self":[{"href":"https:\/\/www.hertwig-sanierung.de\/hertwig\/wp-json\/wp\/v2\/pages\/99"}],"collection":[{"href":"https:\/\/www.hertwig-sanierung.de\/hertwig\/wp-json\/wp\/v2\/pages"}],"about":[{"href":"https:\/\/www.hertwig-sanierung.de\/hertwig\/wp-json\/wp\/v2\/types\/page"}],"author":[{"embeddable":true,"href":"https:\/\/www.hertwig-sanierung.de\/hertwig\/wp-json\/wp\/v2\/users\/1"}],"replies":[{"embeddable":true,"href":"https:\/\/www.hertwig-sanierung.de\/hertwig\/wp-json\/wp\/v2\/comments?post=99"}],"version-history":[{"count":7,"href":"https:\/\/www.hertwig-sanierung.de\/hertwig\/wp-json\/wp\/v2\/pages\/99\/revisions"}],"predecessor-version":[{"id":384,"href":"https:\/\/www.hertwig-sanierung.de\/hertwig\/wp-json\/wp\/v2\/pages\/99\/revisions\/384"}],"wp:attachment":[{"href":"https:\/\/www.hertwig-sanierung.de\/hertwig\/wp-json\/wp\/v2\/media?parent=99"}],"curies":[{"name":"wp","href":"https:\/\/api.w.org\/{rel}","templated":true}]}}