{"id":97,"date":"2018-06-13T08:51:07","date_gmt":"2018-06-13T08:51:07","guid":{"rendered":"http:\/\/localhost\/wordpress1\/?page_id=97"},"modified":"2018-07-18T09:02:41","modified_gmt":"2018-07-18T09:02:41","slug":"stahlbeton-mauerwerksbau","status":"publish","type":"page","link":"https:\/\/www.hertwig-sanierung.de\/hertwig\/stahlbeton-mauerwerksbau\/","title":{"rendered":"Stahlbeton- &#038; Mauerwerksbau"},"content":{"rendered":"<p><strong>Stahlbeton<\/strong> ist ein in der Bautechnik weit verbreiteter Verbundstoff, der dazu genutzt wird, hochfeste Statikelemente zu schaffen. Tr\u00e4ger und St\u00fctzen aber auch Bodenplatten oder St\u00fctzmauern werden mit Ihm hergestellt. So lassen sich, auch im Nachhinein, Geb\u00e4udeteile aussteifen oder Decken abst\u00fctzen. Wenn Sie im Zuge von Umbauarbeiten eine tragende Wand entfernen m\u00f6chten, l\u00e4sst sich die Auflast bei gr\u00f6\u00dferen Spannweiten mit Hilfe des Stahlbetonbaus oder einer Stahltr\u00e4gerkonstruktion abfangen. Die passende Ausf\u00fchrung kl\u00e4ren wir nat\u00fcrlich im vorhinein mit einem Bauingenieurb\u00fcro.<br \/>\n<\/br><br \/>\n<div id=\"attachment_349\" style=\"width: 610px\" class=\"wp-caption aligncenter\"><img loading=\"lazy\" decoding=\"async\" aria-describedby=\"caption-attachment-349\" src=\"http:\/\/www.hertwig-sanierung.de\/hertwig\/wp-content\/uploads\/2018\/07\/dreamstime_xxl_50442048_1200x800-300x200.jpg\" alt=\"\" width=\"600\" height=\"400\" class=\"size-medium wp-image-349\" srcset=\"https:\/\/www.hertwig-sanierung.de\/hertwig\/wp-content\/uploads\/2018\/07\/dreamstime_xxl_50442048_1200x800-300x200.jpg 300w, https:\/\/www.hertwig-sanierung.de\/hertwig\/wp-content\/uploads\/2018\/07\/dreamstime_xxl_50442048_1200x800-768x513.jpg 768w, https:\/\/www.hertwig-sanierung.de\/hertwig\/wp-content\/uploads\/2018\/07\/dreamstime_xxl_50442048_1200x800-1024x684.jpg 1024w, https:\/\/www.hertwig-sanierung.de\/hertwig\/wp-content\/uploads\/2018\/07\/dreamstime_xxl_50442048_1200x800-272x182.jpg 272w, https:\/\/www.hertwig-sanierung.de\/hertwig\/wp-content\/uploads\/2018\/07\/dreamstime_xxl_50442048_1200x800.jpg 1200w\" sizes=\"(max-width: 600px) 100vw, 600px\" \/><p id=\"caption-attachment-349\" class=\"wp-caption-text\">Stahlbetonbau &#8211; hier werden einzelne Baust\u00e4hle miteinander verr\u00f6delt<\/p><\/div> <\/p>\n<p>Der <strong>Mauerwerksbau<\/strong> kann f\u00fcr tragende W\u00e4nde, zur r\u00e4umlichen und akustischen Trennung oder z.B. zur Verblendung von Fassaden genutzt werden. Weiterhin k\u00f6nnen nat\u00fcrlich auch komplette R\u00e4ume bzw. H\u00e4user durch Mauerarbeiten geschaffen werden. Dank zahlreicher Steinarten finden wir f\u00fcr jeden Einsatz die richtige Mauerl\u00f6sung. Sprechen Sie uns einfach an.<br \/>\n<\/br><br \/>\n<div id=\"attachment_348\" style=\"width: 610px\" class=\"wp-caption aligncenter\"><img loading=\"lazy\" decoding=\"async\" aria-describedby=\"caption-attachment-348\" src=\"http:\/\/www.hertwig-sanierung.de\/hertwig\/wp-content\/uploads\/2018\/07\/dreamstime_xxl_75236615_1200x800-300x200.jpg\" alt=\"\" width=\"600\" height=\"400\" class=\"size-medium wp-image-348\" srcset=\"https:\/\/www.hertwig-sanierung.de\/hertwig\/wp-content\/uploads\/2018\/07\/dreamstime_xxl_75236615_1200x800-300x200.jpg 300w, https:\/\/www.hertwig-sanierung.de\/hertwig\/wp-content\/uploads\/2018\/07\/dreamstime_xxl_75236615_1200x800-768x513.jpg 768w, https:\/\/www.hertwig-sanierung.de\/hertwig\/wp-content\/uploads\/2018\/07\/dreamstime_xxl_75236615_1200x800-1024x684.jpg 1024w, https:\/\/www.hertwig-sanierung.de\/hertwig\/wp-content\/uploads\/2018\/07\/dreamstime_xxl_75236615_1200x800-272x182.jpg 272w, https:\/\/www.hertwig-sanierung.de\/hertwig\/wp-content\/uploads\/2018\/07\/dreamstime_xxl_75236615_1200x800.jpg 1200w\" sizes=\"(max-width: 600px) 100vw, 600px\" \/><p id=\"caption-attachment-348\" class=\"wp-caption-text\">Mauerarbeiten &#8211; Bau einer Ziegelmauer mit Zementm\u00f6rtel<\/p><\/div><\/p>\n","protected":false},"excerpt":{"rendered":"<p>Stahlbeton ist ein in der Bautechnik weit verbreiteter Verbundstoff, der dazu genutzt wird, hochfeste Statikelemente zu schaffen. Tr\u00e4ger und St\u00fctzen aber auch Bodenplatten oder St\u00fctzmauern werden mit Ihm hergestellt. So lassen sich, auch im Nachhinein, Geb\u00e4udeteile aussteifen oder Decken abst\u00fctzen. Wenn Sie im Zuge von Umbauarbeiten eine tragende Wand entfernen m\u00f6chten, l\u00e4sst sich die Auflast [&hellip;]<\/p>\n","protected":false},"author":1,"featured_media":0,"parent":0,"menu_order":0,"comment_status":"closed","ping_status":"closed","template":"","meta":{"footnotes":""},"_links":{"self":[{"href":"https:\/\/www.hertwig-sanierung.de\/hertwig\/wp-json\/wp\/v2\/pages\/97"}],"collection":[{"href":"https:\/\/www.hertwig-sanierung.de\/hertwig\/wp-json\/wp\/v2\/pages"}],"about":[{"href":"https:\/\/www.hertwig-sanierung.de\/hertwig\/wp-json\/wp\/v2\/types\/page"}],"author":[{"embeddable":true,"href":"https:\/\/www.hertwig-sanierung.de\/hertwig\/wp-json\/wp\/v2\/users\/1"}],"replies":[{"embeddable":true,"href":"https:\/\/www.hertwig-sanierung.de\/hertwig\/wp-json\/wp\/v2\/comments?post=97"}],"version-history":[{"count":12,"href":"https:\/\/www.hertwig-sanierung.de\/hertwig\/wp-json\/wp\/v2\/pages\/97\/revisions"}],"predecessor-version":[{"id":386,"href":"https:\/\/www.hertwig-sanierung.de\/hertwig\/wp-json\/wp\/v2\/pages\/97\/revisions\/386"}],"wp:attachment":[{"href":"https:\/\/www.hertwig-sanierung.de\/hertwig\/wp-json\/wp\/v2\/media?parent=97"}],"curies":[{"name":"wp","href":"https:\/\/api.w.org\/{rel}","templated":true}]}}