{"id":9,"date":"2018-06-08T09:40:40","date_gmt":"2018-06-08T09:40:40","guid":{"rendered":"http:\/\/localhost\/wordpress1\/?page_id=9"},"modified":"2018-06-15T14:18:44","modified_gmt":"2018-06-15T14:18:44","slug":"about","status":"publish","type":"page","link":"https:\/\/www.hertwig-sanierung.de\/hertwig\/about\/","title":{"rendered":"\u00dcber uns"},"content":{"rendered":"<div id=\"pl-9\"  class=\"panel-layout\" ><div id=\"pg-9-0\"  class=\"panel-grid panel-no-style\" ><div id=\"pgc-9-0-0\"  class=\"panel-grid-cell\" ><div id=\"panel-9-0-0-0\" class=\"so-panel widget widget_sow-editor panel-first-child panel-last-child\" data-index=\"0\" ><div\n\t\t\t\n\t\t\tclass=\"so-widget-sow-editor so-widget-sow-editor-base\"\n\t\t\t\n\t\t>\n<div class=\"siteorigin-widget-tinymce textwidget\">\n\t<p>Die Bauunternehmung Achim Hertwig ist ein kleines, famili\u00e4res Unternehmen mit Firmensitz in Ennepetal-B\u00fclbringen. Gegr\u00fcndet wurde es im Jahre 1995 mit Firmensitz in Wetter, 2004 erfolgte dann der Umzug des Maurerbetriebs nach Ennepetal.<\/p>\n<p>Achim Hertwig ist im Maurerhandwerk gro\u00df geworden. Im v\u00e4terlichen Betrieb absolvierte er zun\u00e4chst von 1987 bis 1990 seine Ausbildung. In den folgenden Jahren absolvierte er die Meisterschule der Handwerkskammer Dortmund und schloss diese 1995 als Maurer- und Betonbauermeister erfolgreich ab. Im Anschluss gr\u00fcndete er seinen eigenen Betrieb, der heute drei Mitarbeiter hat.<\/p>\n<p>Durch jahrelange Zusammenarbeit mit einem festen Handwerkerstamm aus den anderen Gewerken entwickelte sich die Firmenphilosophie: Kommunikation und Koordination sind der Schl\u00fcssel zum Erfolg. Dieser Grundsatz wird im Unternehmen gelebt. Absprachen \"auf dem kurzen Dienstweg\", Zuverl\u00e4ssigkeit und der Blick f\u00fcr noch folgende Arbeitsschritte anderer Gewerke geh\u00f6ren zum Alltag. Die fachlich korrekte Ausf\u00fchrung und somit auch die Qualit\u00e4t der Arbeit haben Priorit\u00e4t, die Kundenn\u00e4he und -zufriendenheit sind Achim Hertwigs oberste Pr\u00e4missen.<\/p>\n<\/div>\n<\/div><\/div><\/div><\/div><\/div>","protected":false},"excerpt":{"rendered":"<p>Die Bauunternehmung Achim Hertwig ist ein kleines, famili\u00e4res Unternehmen mit Firmensitz in Ennepetal-B\u00fclbringen. Gegr\u00fcndet wurde es im Jahre 1995 mit Firmensitz in Wetter, 2004 erfolgte dann der Umzug des Maurerbetriebs nach Ennepetal. Achim Hertwig ist im Maurerhandwerk gro\u00df geworden. Im v\u00e4terlichen Betrieb absolvierte er zun\u00e4chst von 1987 bis 1990 seine Ausbildung. In den folgenden Jahren [&hellip;]<\/p>\n","protected":false},"author":1,"featured_media":0,"parent":0,"menu_order":0,"comment_status":"closed","ping_status":"closed","template":"","meta":{"footnotes":""},"_links":{"self":[{"href":"https:\/\/www.hertwig-sanierung.de\/hertwig\/wp-json\/wp\/v2\/pages\/9"}],"collection":[{"href":"https:\/\/www.hertwig-sanierung.de\/hertwig\/wp-json\/wp\/v2\/pages"}],"about":[{"href":"https:\/\/www.hertwig-sanierung.de\/hertwig\/wp-json\/wp\/v2\/types\/page"}],"author":[{"embeddable":true,"href":"https:\/\/www.hertwig-sanierung.de\/hertwig\/wp-json\/wp\/v2\/users\/1"}],"replies":[{"embeddable":true,"href":"https:\/\/www.hertwig-sanierung.de\/hertwig\/wp-json\/wp\/v2\/comments?post=9"}],"version-history":[{"count":9,"href":"https:\/\/www.hertwig-sanierung.de\/hertwig\/wp-json\/wp\/v2\/pages\/9\/revisions"}],"predecessor-version":[{"id":153,"href":"https:\/\/www.hertwig-sanierung.de\/hertwig\/wp-json\/wp\/v2\/pages\/9\/revisions\/153"}],"wp:attachment":[{"href":"https:\/\/www.hertwig-sanierung.de\/hertwig\/wp-json\/wp\/v2\/media?parent=9"}],"curies":[{"name":"wp","href":"https:\/\/api.w.org\/{rel}","templated":true}]}}