{"id":87,"date":"2018-06-13T08:18:09","date_gmt":"2018-06-13T08:18:09","guid":{"rendered":"http:\/\/localhost\/wordpress1\/?page_id=87"},"modified":"2018-07-31T11:10:07","modified_gmt":"2018-07-31T11:10:07","slug":"kooperationspartner","status":"publish","type":"page","link":"https:\/\/www.hertwig-sanierung.de\/hertwig\/kooperationspartner\/","title":{"rendered":"Kooperationspartner"},"content":{"rendered":"<h2>Kooperationspartner der anderen Gewerke<\/h2>\n<p>Wenn Sie f\u00fcr Ihre Bau- oder Sanierungsvorhaben noch Handwerker aus den uns anliegenden Gewerken ben\u00f6tigen, k\u00f6nnen wir gerne Kontakt zu unseren Partner herstellen. F\u00fcr Sie bedeutet das, dass Sie ein eingespieltes Team auf Ihrer Baustelle haben, welches seit Jahren Hand in Hand arbeitet. Wir kennen die Arbeitsweisen der anderen, Fragen zu vorrausgehenden bzw. noch folgenden Arbeitsschritten kl\u00e4ren wir &#8218;auf dem kurzen Dienstweg&#8216; und auch die zeitliche Koordination der Gewerke vereinfacht sich f\u00fcr Sie.<\/p>\n<ul>\n<li>Im Bereich Sanit\u00e4r und Heizung arbeiten wir gerne mit der Firma <em><a href=\"https:\/\/www.blanke-heizung.de\/\">Detlef Blanke Sanit\u00e4r u. Heizung<\/a><\/em> zusammen.<\/li>\n<li>Unterst\u00fctzung beim Einbau von Fenstern und T\u00fcren, dem Begradigen von Holzb\u00f6den sowie dem M\u00f6bel- und Einrichtungsbau erhalten wir gerne von <em><a href=\"https:\/\/www.tischlerei-blum.de\/\">Dietmar Blum Tischlerei &#038; M\u00f6belbau<\/a><\/em><\/li>\n<li>Wenn es um Fliesen-, Platten- und Mosaiklegearbeiten geht, k\u00f6nnen wir Ihnen guten Gewissens <em><a href=\"https:\/\/www.hwk-do.de\/de\/service-center\/handwerker-finden\/heinz-dieter-buescher-9733\">Heinz-Dieter B\u00fcscher<\/a><\/em> empfehlen\n<li>F\u00fcr Malerarbeiten k\u00f6nnen wir Ihnen gerne <em><a href=\"https:\/\/malerbrade.mitsystem.info\/\">Malermeister R\u00fcdiger Brade<\/a><\/em> vermitteln<\/li>\n<\/ul>\n<p>&nbsp;<\/p>\n<h2>Kooperationspartner aus Handel und Industrie<\/h2>\n<p><a href=\"http:\/\/www.crone-baustoffe.de\"><img loading=\"lazy\" decoding=\"async\" class=\"aligncenter size-medium wp-image-479\" src=\"http:\/\/www.hertwig-sanierung.de\/hertwig\/wp-content\/uploads\/2018\/07\/logo-mit-schrift-crone-gmbh-300x51.png\" alt=\"\" width=\"300\" height=\"51\" srcset=\"https:\/\/www.hertwig-sanierung.de\/hertwig\/wp-content\/uploads\/2018\/07\/logo-mit-schrift-crone-gmbh-300x51.png 300w, https:\/\/www.hertwig-sanierung.de\/hertwig\/wp-content\/uploads\/2018\/07\/logo-mit-schrift-crone-gmbh.png 469w\" sizes=\"(max-width: 300px) 100vw, 300px\" \/><\/a><br \/>\nWir kooperieren seit Jahren mit dem Bausstoffhandel <em>Alfred Crone GmbH<\/em> in Ennepetal. Sowohl im Bereich von Bausstoffen und dem zugeh\u00f6rigen Fachwisssen als auch im Bereich der Logostik. Wir haben vollstes Vertrauen in die Kompetenz der Mitarbeiter und gute Erfahrungen im Bereich der Logistik gemacht. Auch in schwierigen F\u00e4llen k\u00f6nnen wir uns auf eine professionelle Anlieferung von Baustoffen verlassen, auch wenn eine Anlieferung mal an ein Fenster oder einen Balkon in der dritten Etage erfolgen muss. Dies spart uns k\u00f6rperliche Belastung, Zeit und damit unseren Kunden bares Geld.<\/p>\n<p>&nbsp;<\/p>\n<p><a href=\"https:\/\/www.koester.eu\/\"><img loading=\"lazy\" decoding=\"async\" class=\"aligncenter size-medium wp-image-483\" src=\"http:\/\/www.hertwig-sanierung.de\/hertwig\/wp-content\/uploads\/2018\/07\/IMG_20180727_173731-206x300.jpg\" alt=\"\" width=\"206\" height=\"300\" srcset=\"https:\/\/www.hertwig-sanierung.de\/hertwig\/wp-content\/uploads\/2018\/07\/IMG_20180727_173731-206x300.jpg 206w, https:\/\/www.hertwig-sanierung.de\/hertwig\/wp-content\/uploads\/2018\/07\/IMG_20180727_173731-768x1121.jpg 768w, https:\/\/www.hertwig-sanierung.de\/hertwig\/wp-content\/uploads\/2018\/07\/IMG_20180727_173731-702x1024.jpg 702w\" sizes=\"(max-width: 206px) 100vw, 206px\" \/><\/a><br \/>\nIm Bereich der Geb\u00e4ude- und Mauerwerksabdichtung kooperieren wir mit der Firma <em>K\u00f6ster Bauchemie AG<\/em>. Aktuelles Wissen zum Thema Bauchemie und konkrete Anwendungsbeschreibungen erhalten wir hier direkt vom Hersteller. Wir sind durch K\u00f6ster im Bereich der Negativabdichtung geschult und zertifiziert. Bei Problembaustellen k\u00f6nnen wir vor ort auf Unterst\u00fctzung durch einen Anwendungstechniker z\u00e4hlen und so auch bei schwierigen F\u00e4llen flexibel agieren.<\/p>\n<p><!-- verlinkung auf Heymer? --><\/p>\n","protected":false},"excerpt":{"rendered":"<p>Kooperationspartner der anderen Gewerke Wenn Sie f\u00fcr Ihre Bau- oder Sanierungsvorhaben noch Handwerker aus den uns anliegenden Gewerken ben\u00f6tigen, k\u00f6nnen wir gerne Kontakt zu unseren Partner herstellen. F\u00fcr Sie bedeutet das, dass Sie ein eingespieltes Team auf Ihrer Baustelle haben, welches seit Jahren Hand in Hand arbeitet. Wir kennen die Arbeitsweisen der anderen, Fragen zu [&hellip;]<\/p>\n","protected":false},"author":1,"featured_media":0,"parent":0,"menu_order":0,"comment_status":"closed","ping_status":"closed","template":"","meta":{"footnotes":""},"_links":{"self":[{"href":"https:\/\/www.hertwig-sanierung.de\/hertwig\/wp-json\/wp\/v2\/pages\/87"}],"collection":[{"href":"https:\/\/www.hertwig-sanierung.de\/hertwig\/wp-json\/wp\/v2\/pages"}],"about":[{"href":"https:\/\/www.hertwig-sanierung.de\/hertwig\/wp-json\/wp\/v2\/types\/page"}],"author":[{"embeddable":true,"href":"https:\/\/www.hertwig-sanierung.de\/hertwig\/wp-json\/wp\/v2\/users\/1"}],"replies":[{"embeddable":true,"href":"https:\/\/www.hertwig-sanierung.de\/hertwig\/wp-json\/wp\/v2\/comments?post=87"}],"version-history":[{"count":34,"href":"https:\/\/www.hertwig-sanierung.de\/hertwig\/wp-json\/wp\/v2\/pages\/87\/revisions"}],"predecessor-version":[{"id":510,"href":"https:\/\/www.hertwig-sanierung.de\/hertwig\/wp-json\/wp\/v2\/pages\/87\/revisions\/510"}],"wp:attachment":[{"href":"https:\/\/www.hertwig-sanierung.de\/hertwig\/wp-json\/wp\/v2\/media?parent=87"}],"curies":[{"name":"wp","href":"https:\/\/api.w.org\/{rel}","templated":true}]}}