{"id":8,"date":"2018-06-08T09:40:40","date_gmt":"2018-06-08T09:40:40","guid":{"rendered":"http:\/\/localhost\/wordpress1\/?page_id=8"},"modified":"2018-07-27T14:00:00","modified_gmt":"2018-07-27T14:00:00","slug":"home","status":"publish","type":"page","link":"https:\/\/www.hertwig-sanierung.de\/hertwig\/","title":{"rendered":"Startseite"},"content":{"rendered":"<div id=\"pl-8\"  class=\"panel-layout\" ><div id=\"pg-8-0\"  class=\"panel-grid panel-no-style\" ><div id=\"pgc-8-0-0\"  class=\"panel-grid-cell\" ><div id=\"panel-8-0-0-0\" class=\"so-panel widget widget_sow-editor panel-first-child panel-last-child\" data-index=\"0\" ><div\n\t\t\t\n\t\t\tclass=\"so-widget-sow-editor so-widget-sow-editor-base\"\n\t\t\t\n\t\t><h3 class=\"widget-title\">Willkommen auf der Website der Bauunternehmung Hertwig<\/h3>\n<div class=\"siteorigin-widget-tinymce textwidget\">\n\t<p>Wir sind ein kleines Unternehmen mit Sitz in Ennepetal und haben uns auf die fachgerechte Bausanierung von Altbauten, den Haus- und Wohnungsumbau sowie die Abdichtung von durchfeuchtetem Mauerwerk spezialisiert. Weiterhin stehen wir Ihnen gerne auch bei Kernbohrungen, Wanddurchbr\u00fcchen oder der W\u00e4rmed\u00e4mmung mit Rat und Tat zur Seite. Nat\u00fcrlich geh\u00f6ren auch die klassischen Maurerarbeiten wie das Verputzen oder der Stahlbeton- bzw. Mauerwerksbau zu unserem Leistungsspektrum.<\/p>\n<p>Wenn wir auch Sie bei Ihren Vorhaben unterst\u00fctzen k\u00f6nnen, rufen Sie uns an oder kontaktieren Sie uns per <a href=\"mailto:info@hertwig-sanierung.de\">mail<\/a> oder <a href=\"http:\/\/www.hertwig-sanierung.de\/hertwig\/kontakt\/\">Kontaktformular<\/a>!<\/p>\n<\/div>\n<\/div><\/div><\/div><\/div><\/div>","protected":false},"excerpt":{"rendered":"<p>Wir sind ein kleines Unternehmen mit Sitz in Ennepetal und haben uns auf die fachgerechte Bausanierung von Altbauten, den Haus- und Wohnungsumbau sowie die Abdichtung von durchfeuchtetem Mauerwerk spezialisiert. Weiterhin stehen wir Ihnen gerne auch bei Kernbohrungen, Wanddurchbr\u00fcchen oder der W\u00e4rmed\u00e4mmung mit Rat und Tat zur Seite. Nat\u00fcrlich geh\u00f6ren auch die klassischen Maurerarbeiten wie das [&hellip;]<\/p>\n","protected":false},"author":1,"featured_media":0,"parent":0,"menu_order":0,"comment_status":"closed","ping_status":"closed","template":"home-panels.php","meta":{"footnotes":""},"_links":{"self":[{"href":"https:\/\/www.hertwig-sanierung.de\/hertwig\/wp-json\/wp\/v2\/pages\/8"}],"collection":[{"href":"https:\/\/www.hertwig-sanierung.de\/hertwig\/wp-json\/wp\/v2\/pages"}],"about":[{"href":"https:\/\/www.hertwig-sanierung.de\/hertwig\/wp-json\/wp\/v2\/types\/page"}],"author":[{"embeddable":true,"href":"https:\/\/www.hertwig-sanierung.de\/hertwig\/wp-json\/wp\/v2\/users\/1"}],"replies":[{"embeddable":true,"href":"https:\/\/www.hertwig-sanierung.de\/hertwig\/wp-json\/wp\/v2\/comments?post=8"}],"version-history":[{"count":22,"href":"https:\/\/www.hertwig-sanierung.de\/hertwig\/wp-json\/wp\/v2\/pages\/8\/revisions"}],"predecessor-version":[{"id":473,"href":"https:\/\/www.hertwig-sanierung.de\/hertwig\/wp-json\/wp\/v2\/pages\/8\/revisions\/473"}],"wp:attachment":[{"href":"https:\/\/www.hertwig-sanierung.de\/hertwig\/wp-json\/wp\/v2\/media?parent=8"}],"curies":[{"name":"wp","href":"https:\/\/api.w.org\/{rel}","templated":true}]}}