{"id":172,"date":"2018-06-15T15:37:32","date_gmt":"2018-06-15T15:37:32","guid":{"rendered":"http:\/\/localhost\/wordpress1\/?page_id=172"},"modified":"2018-07-18T12:04:45","modified_gmt":"2018-07-18T12:04:45","slug":"mauerwerksabdichtung","status":"publish","type":"page","link":"https:\/\/www.hertwig-sanierung.de\/hertwig\/mauerwerksabdichtung\/","title":{"rendered":"Mauerwerksabdichtung"},"content":{"rendered":"<p>Die Mauerwerksabdichtung dient dem Schutz des Bauk\u00f6rpers im Sockel- und Kellerbereich. In diesen Bereichen sind Geb\u00e4udeteile und W\u00e4nde besonders viel Feuchtigkeit ausgesetzt, zum einen durch Spritz- bzw. Regenwasser und zum anderen durch Staun\u00e4sse. Wenn Feuchtigkeit in den Bauk\u00f6rper eindringt, kann es zu Sch\u00e4den an Fugen des Mauerwerks und Putzen kommen. Auch das Raumklima im Innenbereich leidet unter durchfeuchteten W\u00e4nden. Zu dem k\u00f6nnen Salze durch eine durchfeuchtete Bausubstanz wandern und es kommt bei der Verdunstung des Wassers in h\u00f6herliegenden Bereichen zu Salzausbl\u00fchungen, die aufgebrachte Putze nachhaltig sch\u00e4digen. Neben der Sanierung des Putzes ist es dann notwendig, die betroffenen Geb\u00e4udeteile abzudichten. Dies ist als Positivabdichtung, im Regelfall von aussen, oder wo ein Freilegen des Mauerwerks von aussen zu aufw\u00e4ndig oder unm\u00f6glich ist als Negativabdichtung, also im Innenbereich, m\u00f6glich.<br \/>\nWir sind im Bereich der Negativabdichtungen durch die Firma <em>K\u00f6ster Bauchemie AG<\/em> geschult und zertifiziert und stehen bei komplizierteren F\u00e4llen in engem Kontakt mit deren Anwendungstechnikern. Haben Sie Probleme mit durchfeuchtetem Mauerwerk? Dann kontaktieren Sie uns f\u00fcr eine fundierte Beratung.<\/p>\n","protected":false},"excerpt":{"rendered":"<p>Die Mauerwerksabdichtung dient dem Schutz des Bauk\u00f6rpers im Sockel- und Kellerbereich. In diesen Bereichen sind Geb\u00e4udeteile und W\u00e4nde besonders viel Feuchtigkeit ausgesetzt, zum einen durch Spritz- bzw. Regenwasser und zum anderen durch Staun\u00e4sse. Wenn Feuchtigkeit in den Bauk\u00f6rper eindringt, kann es zu Sch\u00e4den an Fugen des Mauerwerks und Putzen kommen. Auch das Raumklima im Innenbereich [&hellip;]<\/p>\n","protected":false},"author":1,"featured_media":0,"parent":0,"menu_order":0,"comment_status":"closed","ping_status":"closed","template":"","meta":{"footnotes":""},"_links":{"self":[{"href":"https:\/\/www.hertwig-sanierung.de\/hertwig\/wp-json\/wp\/v2\/pages\/172"}],"collection":[{"href":"https:\/\/www.hertwig-sanierung.de\/hertwig\/wp-json\/wp\/v2\/pages"}],"about":[{"href":"https:\/\/www.hertwig-sanierung.de\/hertwig\/wp-json\/wp\/v2\/types\/page"}],"author":[{"embeddable":true,"href":"https:\/\/www.hertwig-sanierung.de\/hertwig\/wp-json\/wp\/v2\/users\/1"}],"replies":[{"embeddable":true,"href":"https:\/\/www.hertwig-sanierung.de\/hertwig\/wp-json\/wp\/v2\/comments?post=172"}],"version-history":[{"count":5,"href":"https:\/\/www.hertwig-sanierung.de\/hertwig\/wp-json\/wp\/v2\/pages\/172\/revisions"}],"predecessor-version":[{"id":405,"href":"https:\/\/www.hertwig-sanierung.de\/hertwig\/wp-json\/wp\/v2\/pages\/172\/revisions\/405"}],"wp:attachment":[{"href":"https:\/\/www.hertwig-sanierung.de\/hertwig\/wp-json\/wp\/v2\/media?parent=172"}],"curies":[{"name":"wp","href":"https:\/\/api.w.org\/{rel}","templated":true}]}}