{"id":159,"date":"2018-06-15T14:55:43","date_gmt":"2018-06-15T14:55:43","guid":{"rendered":"http:\/\/localhost\/wordpress1\/?page_id=159"},"modified":"2018-07-27T14:34:17","modified_gmt":"2018-07-27T14:34:17","slug":"gebaeudeumbau","status":"publish","type":"page","link":"https:\/\/www.hertwig-sanierung.de\/hertwig\/gebaeudeumbau\/","title":{"rendered":"Geb\u00e4udeumbau"},"content":{"rendered":"<p>Der Aufgabenbereich Geb\u00e4udeumbau umfasst in unserem Verst\u00e4ndnis nicht nur die Versetzung von Fenstern und T\u00fcren, sondern auch das Schaffen oder Schlie\u00dfen von Wand\u00f6ffnung und den damit verbundenen Abbrucharbeiten. Weiterhin geh\u00f6rt auch der Abbruch von Wand- und Fu\u00dfbodenbel\u00e4ge sowie der Abbriss von W\u00e4nden zu unserem Leistungsspektrum. Dabei haben wir stets ein Auge auf die Baustatik: statisch tragende W\u00e4nde erkennen wir und ergreifen passende Ma\u00dfnahmen um einen sicheren Abbruch zu gew\u00e4hrleisten. Eingriffe in die Geb\u00e4udestatik kl\u00e4ren wir dabei nat\u00fcrlich mit einem Baustatiker ab.<\/p>\n<p>Wir versuchen stets unsere Arbeiten so sauber wie m\u00f6glich zu gestalten. Daher arbeiten wir stets mit einer staubarmen Schneidetechnik, wenn es um das Versetzen von T\u00fcren oder Fenstern geht. Wir stellen Staubw\u00e4nde, wo es erw\u00fcnscht oder erforderlich ist, benutzen eine Absaugung wo immer es m\u00f6glich ist und entsorgen Baustellenabf\u00e4lle schnellst m\u00f6glich und umweltgerecht.<\/p>\n<p>Sollten Sie also einen Geb\u00e4udeumbau vorhaben, wenden Sie sich vertrauensvoll an uns. Mit unsere jahrelangen Erfahrung k\u00f6nnen wir Sie kompetent beraten und Ihre Bauvorhaben fachm\u00e4nnisch durchf\u00fchren.<\/p>\n","protected":false},"excerpt":{"rendered":"<p>Der Aufgabenbereich Geb\u00e4udeumbau umfasst in unserem Verst\u00e4ndnis nicht nur die Versetzung von Fenstern und T\u00fcren, sondern auch das Schaffen oder Schlie\u00dfen von Wand\u00f6ffnung und den damit verbundenen Abbrucharbeiten. Weiterhin geh\u00f6rt auch der Abbruch von Wand- und Fu\u00dfbodenbel\u00e4ge sowie der Abbriss von W\u00e4nden zu unserem Leistungsspektrum. Dabei haben wir stets ein Auge auf die Baustatik: statisch [&hellip;]<\/p>\n","protected":false},"author":1,"featured_media":0,"parent":0,"menu_order":0,"comment_status":"closed","ping_status":"closed","template":"","meta":{"footnotes":""},"_links":{"self":[{"href":"https:\/\/www.hertwig-sanierung.de\/hertwig\/wp-json\/wp\/v2\/pages\/159"}],"collection":[{"href":"https:\/\/www.hertwig-sanierung.de\/hertwig\/wp-json\/wp\/v2\/pages"}],"about":[{"href":"https:\/\/www.hertwig-sanierung.de\/hertwig\/wp-json\/wp\/v2\/types\/page"}],"author":[{"embeddable":true,"href":"https:\/\/www.hertwig-sanierung.de\/hertwig\/wp-json\/wp\/v2\/users\/1"}],"replies":[{"embeddable":true,"href":"https:\/\/www.hertwig-sanierung.de\/hertwig\/wp-json\/wp\/v2\/comments?post=159"}],"version-history":[{"count":5,"href":"https:\/\/www.hertwig-sanierung.de\/hertwig\/wp-json\/wp\/v2\/pages\/159\/revisions"}],"predecessor-version":[{"id":475,"href":"https:\/\/www.hertwig-sanierung.de\/hertwig\/wp-json\/wp\/v2\/pages\/159\/revisions\/475"}],"wp:attachment":[{"href":"https:\/\/www.hertwig-sanierung.de\/hertwig\/wp-json\/wp\/v2\/media?parent=159"}],"curies":[{"name":"wp","href":"https:\/\/api.w.org\/{rel}","templated":true}]}}