{"id":127,"date":"2018-06-14T09:47:20","date_gmt":"2018-06-14T09:47:20","guid":{"rendered":"http:\/\/localhost\/wordpress1\/?page_id=127"},"modified":"2018-07-18T13:24:50","modified_gmt":"2018-07-18T13:24:50","slug":"sanierungsplanung","status":"publish","type":"page","link":"https:\/\/www.hertwig-sanierung.de\/hertwig\/sanierungsplanung\/","title":{"rendered":"Sanierungsplanung"},"content":{"rendered":"<p>Sie haben vor, umfangreiche Sanierungsma\u00dfnahmen an Ihrer Immobilie durchzuf\u00fchren, aber haben keine Zeit f\u00fcr die Planung oder Ihnen fehlt das n\u00f6tige Know-How? Dank unserer jahrelangen Erfahrung im Umbau und der Sanierung von Wohnungen und Wohnh\u00e4usern k\u00f6nnen wir Sie fachm\u00e4nnisch beraten und einen Sanierungsplan erstellen.<br \/>\nBautechnische Problemstellen machen wir ausfinding und finden mit unseren Partnern im Bauingenieurwesen effizient und kosteng\u00fcnstig eine passende L\u00f6sung. Auch beim Anbau an oder dem Aufstocken von bestehenden Geb\u00e4udestrukturen begleiten wir Sie bei von der Planung bis zur Fertigstellung.<\/p>\n<p>Besondere Herausforderung bei Sanierungsma\u00dfnahmen stellt oft die Koordination der einzelnen Gewerke dar. Auch diese \u00fcbernehmen wir gerne f\u00fcr Sie, damit die Durchf\u00fchrung Ihre Umbau- oder Sanierungsvorhaben reibungslos klappt.<br \/>\nSollten Sie noch Handwerker der anderen Gewerke ben\u00f6tigen, versuchen wir gerne ein Zusammenkommen mit unseren verl\u00e4sslichen Partnern zu organisieren, sodass Sie sich auf ein <a href=\"http:\/\/www.hertwig-sanierung.de\/hertwig\/kooperationspartner\/\">eingespieltes Team<\/a> verlassen k\u00f6nnen.<\/p>\n","protected":false},"excerpt":{"rendered":"<p>Sie haben vor, umfangreiche Sanierungsma\u00dfnahmen an Ihrer Immobilie durchzuf\u00fchren, aber haben keine Zeit f\u00fcr die Planung oder Ihnen fehlt das n\u00f6tige Know-How? Dank unserer jahrelangen Erfahrung im Umbau und der Sanierung von Wohnungen und Wohnh\u00e4usern k\u00f6nnen wir Sie fachm\u00e4nnisch beraten und einen Sanierungsplan erstellen. Bautechnische Problemstellen machen wir ausfinding und finden mit unseren Partnern im [&hellip;]<\/p>\n","protected":false},"author":1,"featured_media":0,"parent":0,"menu_order":0,"comment_status":"closed","ping_status":"closed","template":"","meta":{"footnotes":""},"_links":{"self":[{"href":"https:\/\/www.hertwig-sanierung.de\/hertwig\/wp-json\/wp\/v2\/pages\/127"}],"collection":[{"href":"https:\/\/www.hertwig-sanierung.de\/hertwig\/wp-json\/wp\/v2\/pages"}],"about":[{"href":"https:\/\/www.hertwig-sanierung.de\/hertwig\/wp-json\/wp\/v2\/types\/page"}],"author":[{"embeddable":true,"href":"https:\/\/www.hertwig-sanierung.de\/hertwig\/wp-json\/wp\/v2\/users\/1"}],"replies":[{"embeddable":true,"href":"https:\/\/www.hertwig-sanierung.de\/hertwig\/wp-json\/wp\/v2\/comments?post=127"}],"version-history":[{"count":8,"href":"https:\/\/www.hertwig-sanierung.de\/hertwig\/wp-json\/wp\/v2\/pages\/127\/revisions"}],"predecessor-version":[{"id":411,"href":"https:\/\/www.hertwig-sanierung.de\/hertwig\/wp-json\/wp\/v2\/pages\/127\/revisions\/411"}],"wp:attachment":[{"href":"https:\/\/www.hertwig-sanierung.de\/hertwig\/wp-json\/wp\/v2\/media?parent=127"}],"curies":[{"name":"wp","href":"https:\/\/api.w.org\/{rel}","templated":true}]}}