{"id":12,"date":"2018-06-08T09:40:40","date_gmt":"2018-06-08T09:40:40","guid":{"rendered":"http:\/\/localhost\/wordpress1\/?page_id=12"},"modified":"2018-07-31T21:31:33","modified_gmt":"2018-07-31T21:31:33","slug":"leistungen","status":"publish","type":"page","link":"https:\/\/www.hertwig-sanierung.de\/hertwig\/leistungen\/","title":{"rendered":"Unsere Leistungen"},"content":{"rendered":"<div>Hier stellen wir Ihnen gerne unsere Leistungen vor:<\/div>\n<p><!-- Block 1 --><\/p>\n<div class=\"wrapperLeistungen\">\n<div class=\"wrapperLeistungen bilderLeistungen\">\n<div class=\"wrapperLeistungen bildtitel\">Sanierungsplanung<\/div>\n<div class=\"wrapperLeistungen zoomImage\"><a title=\"Sanierungsplanung\" href=\"http:\/\/www.hertwig-sanierung.de\/hertwig\/sanierungsplanung\"><img loading=\"lazy\" decoding=\"async\" src=\"http:\/\/www.hertwig-sanierung.de\/hertwig\/wp-content\/uploads\/2018\/07\/dreamstime_xxl_5200849_1200x800-300x200.jpg\" alt=\"\" width=\"300\" height=\"200\" class=\"size-medium wp-image-347\" srcset=\"https:\/\/www.hertwig-sanierung.de\/hertwig\/wp-content\/uploads\/2018\/07\/dreamstime_xxl_5200849_1200x800-300x200.jpg 300w, https:\/\/www.hertwig-sanierung.de\/hertwig\/wp-content\/uploads\/2018\/07\/dreamstime_xxl_5200849_1200x800-768x512.jpg 768w, https:\/\/www.hertwig-sanierung.de\/hertwig\/wp-content\/uploads\/2018\/07\/dreamstime_xxl_5200849_1200x800-1024x683.jpg 1024w, https:\/\/www.hertwig-sanierung.de\/hertwig\/wp-content\/uploads\/2018\/07\/dreamstime_xxl_5200849_1200x800-272x182.jpg 272w, https:\/\/www.hertwig-sanierung.de\/hertwig\/wp-content\/uploads\/2018\/07\/dreamstime_xxl_5200849_1200x800.jpg 1200w\" sizes=\"(max-width: 300px) 100vw, 300px\" \/><\/a><\/div>\n<\/div>\n<div class=\"bilderLeistungen\">\n<div class=\"bildtitel\">Geb\u00e4udesanierung<\/div>\n<div class=\"zoomImage\"><a title=\"Geb\u00e4udesanierung\" href=\"http:\/\/www.hertwig-sanierung.de\/hertwig\/gebaeudesanierung-vs-gebaeudeumbau\"><img loading=\"lazy\" decoding=\"async\" src=\"http:\/\/www.hertwig-sanierung.de\/hertwig\/wp-content\/uploads\/2018\/07\/dreamstime_xxl_20069547_1200x800-300x199.jpg\" alt=\"\" width=\"300\" height=\"199\" class=\"size-medium wp-image-354\" srcset=\"https:\/\/www.hertwig-sanierung.de\/hertwig\/wp-content\/uploads\/2018\/07\/dreamstime_xxl_20069547_1200x800-300x199.jpg 300w, https:\/\/www.hertwig-sanierung.de\/hertwig\/wp-content\/uploads\/2018\/07\/dreamstime_xxl_20069547_1200x800-768x510.jpg 768w, https:\/\/www.hertwig-sanierung.de\/hertwig\/wp-content\/uploads\/2018\/07\/dreamstime_xxl_20069547_1200x800-1024x680.jpg 1024w, https:\/\/www.hertwig-sanierung.de\/hertwig\/wp-content\/uploads\/2018\/07\/dreamstime_xxl_20069547_1200x800.jpg 1200w\" sizes=\"(max-width: 300px) 100vw, 300px\" \/><\/a><\/div>\n<\/div>\n<div class=\"bilderLeistungen\">\n<div class=\"bildtitel\">Stahlbetonbau<\/div>\n<div class=\"zoomImage\"><a title=\"Stahlbetonbau\" href=\"http:\/\/www.hertwig-sanierung.de\/hertwig\/stahlbeton-mauerwerksbau\"><img loading=\"lazy\" decoding=\"async\" src=\"http:\/\/www.hertwig-sanierung.de\/hertwig\/wp-content\/uploads\/2018\/07\/dreamstime_xxl_50442048_1200x800-300x200.jpg\" alt=\"\" width=\"300\" height=\"200\" class=\"size-medium wp-image-349\" srcset=\"https:\/\/www.hertwig-sanierung.de\/hertwig\/wp-content\/uploads\/2018\/07\/dreamstime_xxl_50442048_1200x800-300x200.jpg 300w, https:\/\/www.hertwig-sanierung.de\/hertwig\/wp-content\/uploads\/2018\/07\/dreamstime_xxl_50442048_1200x800-768x513.jpg 768w, https:\/\/www.hertwig-sanierung.de\/hertwig\/wp-content\/uploads\/2018\/07\/dreamstime_xxl_50442048_1200x800-1024x684.jpg 1024w, https:\/\/www.hertwig-sanierung.de\/hertwig\/wp-content\/uploads\/2018\/07\/dreamstime_xxl_50442048_1200x800-272x182.jpg 272w, https:\/\/www.hertwig-sanierung.de\/hertwig\/wp-content\/uploads\/2018\/07\/dreamstime_xxl_50442048_1200x800.jpg 1200w\" sizes=\"(max-width: 300px) 100vw, 300px\" \/><\/a><\/div>\n<\/div>\n<\/div>\n<p><!-- Block 2 --><\/p>\n<div class=\"wrapperLeistungen\">\n<div class=\"bilderLeistungen\">\n<div class=\"bildtitel\">Mauerwerksbau<\/div>\n<div class=\"zoomImage\"><a title=\"Mauerwerksbau\" href=\"http:\/\/www.hertwig-sanierung.de\/hertwig\/stahlbeton-mauerwerksbau\"><img loading=\"lazy\" decoding=\"async\" src=\"http:\/\/www.hertwig-sanierung.de\/hertwig\/wp-content\/uploads\/2018\/07\/dreamstime_xxl_75236615_1200x800-300x200.jpg\" alt=\"\" width=\"300\" height=\"200\" class=\"size-medium wp-image-348\" srcset=\"https:\/\/www.hertwig-sanierung.de\/hertwig\/wp-content\/uploads\/2018\/07\/dreamstime_xxl_75236615_1200x800-300x200.jpg 300w, https:\/\/www.hertwig-sanierung.de\/hertwig\/wp-content\/uploads\/2018\/07\/dreamstime_xxl_75236615_1200x800-768x513.jpg 768w, https:\/\/www.hertwig-sanierung.de\/hertwig\/wp-content\/uploads\/2018\/07\/dreamstime_xxl_75236615_1200x800-1024x684.jpg 1024w, https:\/\/www.hertwig-sanierung.de\/hertwig\/wp-content\/uploads\/2018\/07\/dreamstime_xxl_75236615_1200x800-272x182.jpg 272w, https:\/\/www.hertwig-sanierung.de\/hertwig\/wp-content\/uploads\/2018\/07\/dreamstime_xxl_75236615_1200x800.jpg 1200w\" sizes=\"(max-width: 300px) 100vw, 300px\" \/><\/a><\/div>\n<\/div>\n<div class=\"bilderLeistungen\">\n<div class=\"bildtitel\">Trockenbau<\/div>\n<div class=\"zoomImage\"><a title=\"Trockenbau\" href=\"http:\/\/www.hertwig-sanierung.de\/hertwig\/trockenbau\"><img loading=\"lazy\" decoding=\"async\" src=\"http:\/\/www.hertwig-sanierung.de\/hertwig\/wp-content\/uploads\/2018\/07\/dreamstime_xxl_102350728_1200x800-300x200.jpg\" alt=\"\" width=\"300\" height=\"200\" class=\"size-medium wp-image-355\" srcset=\"https:\/\/www.hertwig-sanierung.de\/hertwig\/wp-content\/uploads\/2018\/07\/dreamstime_xxl_102350728_1200x800-300x200.jpg 300w, https:\/\/www.hertwig-sanierung.de\/hertwig\/wp-content\/uploads\/2018\/07\/dreamstime_xxl_102350728_1200x800-768x512.jpg 768w, https:\/\/www.hertwig-sanierung.de\/hertwig\/wp-content\/uploads\/2018\/07\/dreamstime_xxl_102350728_1200x800-1024x683.jpg 1024w, https:\/\/www.hertwig-sanierung.de\/hertwig\/wp-content\/uploads\/2018\/07\/dreamstime_xxl_102350728_1200x800-272x182.jpg 272w, https:\/\/www.hertwig-sanierung.de\/hertwig\/wp-content\/uploads\/2018\/07\/dreamstime_xxl_102350728_1200x800.jpg 1200w\" sizes=\"(max-width: 300px) 100vw, 300px\" \/><\/a><\/div>\n<\/div>\n<div class=\"bilderLeistungen\">\n<div class=\"bildtitel\">Verputzarbeiten<\/div>\n<div class=\"zoomImage\"><a title=\"Verputzarbeiten\" href=\"http:\/\/www.hertwig-sanierung.de\/hertwig\/verputzarbeiten\"><img loading=\"lazy\" decoding=\"async\" src=\"http:\/\/www.hertwig-sanierung.de\/hertwig\/wp-content\/uploads\/2018\/07\/dreamstime_xxl_24260236_1200x800-300x200.jpg\" alt=\"\" width=\"300\" height=\"200\" class=\"size-medium wp-image-351\" srcset=\"https:\/\/www.hertwig-sanierung.de\/hertwig\/wp-content\/uploads\/2018\/07\/dreamstime_xxl_24260236_1200x800-300x200.jpg 300w, https:\/\/www.hertwig-sanierung.de\/hertwig\/wp-content\/uploads\/2018\/07\/dreamstime_xxl_24260236_1200x800-768x512.jpg 768w, https:\/\/www.hertwig-sanierung.de\/hertwig\/wp-content\/uploads\/2018\/07\/dreamstime_xxl_24260236_1200x800-1024x683.jpg 1024w, https:\/\/www.hertwig-sanierung.de\/hertwig\/wp-content\/uploads\/2018\/07\/dreamstime_xxl_24260236_1200x800-272x182.jpg 272w, https:\/\/www.hertwig-sanierung.de\/hertwig\/wp-content\/uploads\/2018\/07\/dreamstime_xxl_24260236_1200x800.jpg 1200w\" sizes=\"(max-width: 300px) 100vw, 300px\" \/><\/a><\/div>\n<\/div>\n<\/div>\n<p><!-- Block 3 --><\/p>\n<div class=\"wrapperLeistungen\">\n<div class=\"bilderLeistungen\">\n<div class=\"bildtitel\">W\u00e4rmed\u00e4mmung<\/div>\n<div class=\"zoomImage\"><a title=\"W\u00e4rmed\u00e4mmung\" href=\"http:\/\/www.hertwig-sanierung.de\/hertwig\/waermedaemmung\"><img loading=\"lazy\" decoding=\"async\" src=\"http:\/\/www.hertwig-sanierung.de\/hertwig\/wp-content\/uploads\/2018\/07\/dreamstime_xxl_88073406_1200x800-300x200.jpg\" alt=\"\" width=\"300\" height=\"200\" class=\"size-medium wp-image-352\" srcset=\"https:\/\/www.hertwig-sanierung.de\/hertwig\/wp-content\/uploads\/2018\/07\/dreamstime_xxl_88073406_1200x800-300x200.jpg 300w, https:\/\/www.hertwig-sanierung.de\/hertwig\/wp-content\/uploads\/2018\/07\/dreamstime_xxl_88073406_1200x800-768x513.jpg 768w, https:\/\/www.hertwig-sanierung.de\/hertwig\/wp-content\/uploads\/2018\/07\/dreamstime_xxl_88073406_1200x800-1024x684.jpg 1024w, https:\/\/www.hertwig-sanierung.de\/hertwig\/wp-content\/uploads\/2018\/07\/dreamstime_xxl_88073406_1200x800-272x182.jpg 272w, https:\/\/www.hertwig-sanierung.de\/hertwig\/wp-content\/uploads\/2018\/07\/dreamstime_xxl_88073406_1200x800.jpg 1200w\" sizes=\"(max-width: 300px) 100vw, 300px\" \/><\/a><\/div>\n<\/div>\n<div class=\"bilderLeistungen\">\n<div class=\"bildtitel\">Kernbohrungen<\/div>\n<div class=\"zoomImage\"><a title=\"Kernbohrungen\" href=\"http:\/\/www.hertwig-sanierung.de\/hertwig\/kernbohrungen\"><img loading=\"lazy\" decoding=\"async\" src=\"http:\/\/www.hertwig-sanierung.de\/hertwig\/wp-content\/uploads\/2018\/07\/dreamstime_xxl_85446929_1200x800-300x200.jpg\" alt=\"\" width=\"300\" height=\"200\" class=\"size-medium wp-image-353\" srcset=\"https:\/\/www.hertwig-sanierung.de\/hertwig\/wp-content\/uploads\/2018\/07\/dreamstime_xxl_85446929_1200x800-300x200.jpg 300w, https:\/\/www.hertwig-sanierung.de\/hertwig\/wp-content\/uploads\/2018\/07\/dreamstime_xxl_85446929_1200x800-768x513.jpg 768w, https:\/\/www.hertwig-sanierung.de\/hertwig\/wp-content\/uploads\/2018\/07\/dreamstime_xxl_85446929_1200x800-1024x684.jpg 1024w, https:\/\/www.hertwig-sanierung.de\/hertwig\/wp-content\/uploads\/2018\/07\/dreamstime_xxl_85446929_1200x800-272x182.jpg 272w, https:\/\/www.hertwig-sanierung.de\/hertwig\/wp-content\/uploads\/2018\/07\/dreamstime_xxl_85446929_1200x800.jpg 1200w\" sizes=\"(max-width: 300px) 100vw, 300px\" \/><\/a><\/div>\n<\/div>\n<div class=\"bilderLeistungen\">\n<div class=\"bildtitel\">Mauerwerksabdichtung<\/div>\n<div class=\"zoomImage\"><a title=\"Mauerwerksabdichtung\" href=\"http:\/\/www.hertwig-sanierung.de\/hertwig\/mauerwerksabdichtung\"><img loading=\"lazy\" decoding=\"async\" src=\"http:\/\/www.hertwig-sanierung.de\/hertwig\/wp-content\/uploads\/2018\/07\/IMG_20180731_232120_crop-300x200.jpg\" alt=\"\" width=\"300\" height=\"200\" class=\"aligncenter size-medium wp-image-515\" srcset=\"https:\/\/www.hertwig-sanierung.de\/hertwig\/wp-content\/uploads\/2018\/07\/IMG_20180731_232120_crop-300x200.jpg 300w, https:\/\/www.hertwig-sanierung.de\/hertwig\/wp-content\/uploads\/2018\/07\/IMG_20180731_232120_crop-768x512.jpg 768w, https:\/\/www.hertwig-sanierung.de\/hertwig\/wp-content\/uploads\/2018\/07\/IMG_20180731_232120_crop-272x182.jpg 272w, https:\/\/www.hertwig-sanierung.de\/hertwig\/wp-content\/uploads\/2018\/07\/IMG_20180731_232120_crop.jpg 960w\" sizes=\"(max-width: 300px) 100vw, 300px\" \/><\/a><\/div>\n<\/div>\n<\/div>\n","protected":false},"excerpt":{"rendered":"<p>Hier stellen wir Ihnen gerne unsere Leistungen vor: Sanierungsplanung Geb\u00e4udesanierung Stahlbetonbau Mauerwerksbau Trockenbau Verputzarbeiten W\u00e4rmed\u00e4mmung Kernbohrungen Mauerwerksabdichtung<\/p>\n","protected":false},"author":1,"featured_media":0,"parent":0,"menu_order":0,"comment_status":"closed","ping_status":"closed","template":"","meta":{"footnotes":""},"_links":{"self":[{"href":"https:\/\/www.hertwig-sanierung.de\/hertwig\/wp-json\/wp\/v2\/pages\/12"}],"collection":[{"href":"https:\/\/www.hertwig-sanierung.de\/hertwig\/wp-json\/wp\/v2\/pages"}],"about":[{"href":"https:\/\/www.hertwig-sanierung.de\/hertwig\/wp-json\/wp\/v2\/types\/page"}],"author":[{"embeddable":true,"href":"https:\/\/www.hertwig-sanierung.de\/hertwig\/wp-json\/wp\/v2\/users\/1"}],"replies":[{"embeddable":true,"href":"https:\/\/www.hertwig-sanierung.de\/hertwig\/wp-json\/wp\/v2\/comments?post=12"}],"version-history":[{"count":72,"href":"https:\/\/www.hertwig-sanierung.de\/hertwig\/wp-json\/wp\/v2\/pages\/12\/revisions"}],"predecessor-version":[{"id":516,"href":"https:\/\/www.hertwig-sanierung.de\/hertwig\/wp-json\/wp\/v2\/pages\/12\/revisions\/516"}],"wp:attachment":[{"href":"https:\/\/www.hertwig-sanierung.de\/hertwig\/wp-json\/wp\/v2\/media?parent=12"}],"curies":[{"name":"wp","href":"https:\/\/api.w.org\/{rel}","templated":true}]}}