{"id":107,"date":"2018-06-13T09:05:43","date_gmt":"2018-06-13T09:05:43","guid":{"rendered":"http:\/\/localhost\/wordpress1\/?page_id=107"},"modified":"2018-07-25T12:37:11","modified_gmt":"2018-07-25T12:37:11","slug":"gebaeudesanierung","status":"publish","type":"page","link":"https:\/\/www.hertwig-sanierung.de\/hertwig\/gebaeudesanierung\/","title":{"rendered":"Geb\u00e4udesanierung"},"content":{"rendered":"<p>Unter Geb\u00e4udesanierung versteht man die grundlegenden \u00dcberholung der Bausubstanz, der Sanit\u00e4reinrichtungen sowie u.U. auch der Heizungsanlage. Dabei steht im Vordergerund, W\u00e4rmed\u00e4mmungsma\u00dfnahmen durchzuf\u00fchren, Elektro- und Wasserleitungen zu erneuern und eine ansprechende Wohnraumaufteilung zu schaffen sowie dem Wohnr\u00e4umen ein zeitgem\u00e4\u00dfes Aussehen zu verpassen.<\/p>\n<p>Hierzu wird im Regelfall zun\u00e4chst der Bauk\u00f6rper entkernt, bauliche Ver\u00e4nderungen, wie z.B. das Versetzen von T\u00fcren und W\u00e4nden, das Schlie\u00dfen von Heizk\u00f6rpernieschen oder dem Stellen neuer Trennw\u00e4nde, werden durchgef\u00fchrt, bevor neue Elekto-, Wasser- und Heizungsleitungen verlegt werden. Im Anschluss erfolgt die Aufarbeitung von Putzfl\u00e4chen sowie die Montage von Sanit\u00e4reinrichtungen. Abschlie\u00dfend wird dem sanierten Objekt ein ansprechendes \u00c4u\u00dferes durch Malerarbeiten gegeben.<br \/>\n&nbsp;<\/p>\n<div id=\"attachment_354\" style=\"width: 610px\" class=\"wp-caption aligncenter\"><img loading=\"lazy\" decoding=\"async\" aria-describedby=\"caption-attachment-354\" src=\"http:\/\/www.hertwig-sanierung.de\/hertwig\/wp-content\/uploads\/2018\/07\/dreamstime_xxl_20069547_1200x800-300x199.jpg\" alt=\"\" width=\"600\" height=\"399\" class=\"size-medium wp-image-354\" srcset=\"https:\/\/www.hertwig-sanierung.de\/hertwig\/wp-content\/uploads\/2018\/07\/dreamstime_xxl_20069547_1200x800-300x199.jpg 300w, https:\/\/www.hertwig-sanierung.de\/hertwig\/wp-content\/uploads\/2018\/07\/dreamstime_xxl_20069547_1200x800-768x510.jpg 768w, https:\/\/www.hertwig-sanierung.de\/hertwig\/wp-content\/uploads\/2018\/07\/dreamstime_xxl_20069547_1200x800-1024x680.jpg 1024w, https:\/\/www.hertwig-sanierung.de\/hertwig\/wp-content\/uploads\/2018\/07\/dreamstime_xxl_20069547_1200x800-272x182.jpg 272w, https:\/\/www.hertwig-sanierung.de\/hertwig\/wp-content\/uploads\/2018\/07\/dreamstime_xxl_20069547_1200x800.jpg 1200w\" sizes=\"(max-width: 600px) 100vw, 600px\" \/><p id=\"caption-attachment-354\" class=\"wp-caption-text\">Geb\u00e4udesanierung<\/p><\/div>\n<p>Wenn Sie bauliche Ver\u00e4nderungen planen, sind wir Ihr Partner f\u00fcr die <a href=\"http:\/\/www.hertwig-sanierung.de\/hertwig\/gebaeudeumbau\/\">Sanierung<\/a>. Betriebe der anliegenden Gewerke vermitteln wir auch gerne: wir haben ein <a href=\"http:\/\/www.hertwig-sanierung.de\/hertwig\/kooperationspartner\/\">eingespieltes Team<\/a> parat, mit dem wir seit Jahren zusammen arbeiten. Sollten Sie die <a href=\"http:\/\/www.hertwig-sanierung.de\/hertwig\/sanierungsplanung\/\">Planung und Koordination<\/a> ihrer Sanierungsvorhaben nicht selbst bewerkstelligen k\u00f6nnen oder wollen \u00fcbernehmen wir auch dies f\u00fcr Sie.<\/p>\n","protected":false},"excerpt":{"rendered":"<p>Unter Geb\u00e4udesanierung versteht man die grundlegenden \u00dcberholung der Bausubstanz, der Sanit\u00e4reinrichtungen sowie u.U. auch der Heizungsanlage. Dabei steht im Vordergerund, W\u00e4rmed\u00e4mmungsma\u00dfnahmen durchzuf\u00fchren, Elektro- und Wasserleitungen zu erneuern und eine ansprechende Wohnraumaufteilung zu schaffen sowie dem Wohnr\u00e4umen ein zeitgem\u00e4\u00dfes Aussehen zu verpassen. Hierzu wird im Regelfall zun\u00e4chst der Bauk\u00f6rper entkernt, bauliche Ver\u00e4nderungen, wie z.B. das Versetzen [&hellip;]<\/p>\n","protected":false},"author":1,"featured_media":0,"parent":0,"menu_order":0,"comment_status":"closed","ping_status":"closed","template":"","meta":{"footnotes":""},"_links":{"self":[{"href":"https:\/\/www.hertwig-sanierung.de\/hertwig\/wp-json\/wp\/v2\/pages\/107"}],"collection":[{"href":"https:\/\/www.hertwig-sanierung.de\/hertwig\/wp-json\/wp\/v2\/pages"}],"about":[{"href":"https:\/\/www.hertwig-sanierung.de\/hertwig\/wp-json\/wp\/v2\/types\/page"}],"author":[{"embeddable":true,"href":"https:\/\/www.hertwig-sanierung.de\/hertwig\/wp-json\/wp\/v2\/users\/1"}],"replies":[{"embeddable":true,"href":"https:\/\/www.hertwig-sanierung.de\/hertwig\/wp-json\/wp\/v2\/comments?post=107"}],"version-history":[{"count":28,"href":"https:\/\/www.hertwig-sanierung.de\/hertwig\/wp-json\/wp\/v2\/pages\/107\/revisions"}],"predecessor-version":[{"id":465,"href":"https:\/\/www.hertwig-sanierung.de\/hertwig\/wp-json\/wp\/v2\/pages\/107\/revisions\/465"}],"wp:attachment":[{"href":"https:\/\/www.hertwig-sanierung.de\/hertwig\/wp-json\/wp\/v2\/media?parent=107"}],"curies":[{"name":"wp","href":"https:\/\/api.w.org\/{rel}","templated":true}]}}