{"id":105,"date":"2018-06-13T09:03:37","date_gmt":"2018-06-13T09:03:37","guid":{"rendered":"http:\/\/localhost\/wordpress1\/?page_id=105"},"modified":"2018-07-18T10:42:58","modified_gmt":"2018-07-18T10:42:58","slug":"kernbohrungen","status":"publish","type":"page","link":"https:\/\/www.hertwig-sanierung.de\/hertwig\/kernbohrungen\/","title":{"rendered":"Kernbohrungen"},"content":{"rendered":"<p>Sie sanieren Ihr Haus und ben\u00f6tigen Kernbohrungen zum Durchf\u00fchren von Leitungen durch Bodenplatten oder W\u00e4nde, wollen einen neuen Ofen an einen bestehenden Kamin anschlie\u00dfen oder neue Bel\u00fcftungsrohre verlegen? Mit unseren Kernbohrger\u00e4ten k\u00f6nnen wir schnell und passgenau die entsprechenden Wege schaffen.<br \/>\n<\/br><br \/>\n<div id=\"attachment_353\" style=\"width: 610px\" class=\"wp-caption aligncenter\"><img loading=\"lazy\" decoding=\"async\" aria-describedby=\"caption-attachment-353\" src=\"http:\/\/www.hertwig-sanierung.de\/hertwig\/wp-content\/uploads\/2018\/07\/dreamstime_xxl_85446929_1200x800-300x200.jpg\" alt=\"\" width=\"600\" height=\"400\" class=\"size-medium wp-image-353\" srcset=\"https:\/\/www.hertwig-sanierung.de\/hertwig\/wp-content\/uploads\/2018\/07\/dreamstime_xxl_85446929_1200x800-300x200.jpg 300w, https:\/\/www.hertwig-sanierung.de\/hertwig\/wp-content\/uploads\/2018\/07\/dreamstime_xxl_85446929_1200x800-768x513.jpg 768w, https:\/\/www.hertwig-sanierung.de\/hertwig\/wp-content\/uploads\/2018\/07\/dreamstime_xxl_85446929_1200x800-1024x684.jpg 1024w, https:\/\/www.hertwig-sanierung.de\/hertwig\/wp-content\/uploads\/2018\/07\/dreamstime_xxl_85446929_1200x800-272x182.jpg 272w, https:\/\/www.hertwig-sanierung.de\/hertwig\/wp-content\/uploads\/2018\/07\/dreamstime_xxl_85446929_1200x800.jpg 1200w\" sizes=\"(max-width: 600px) 100vw, 600px\" \/><p id=\"caption-attachment-353\" class=\"wp-caption-text\">Kernbohrungen &#8211; Bohrung durch eine Bodenplatte zur Durchf\u00fchrung von Anschlussleitungen<\/p><\/div><\/p>\n","protected":false},"excerpt":{"rendered":"<p>Sie sanieren Ihr Haus und ben\u00f6tigen Kernbohrungen zum Durchf\u00fchren von Leitungen durch Bodenplatten oder W\u00e4nde, wollen einen neuen Ofen an einen bestehenden Kamin anschlie\u00dfen oder neue Bel\u00fcftungsrohre verlegen? Mit unseren Kernbohrger\u00e4ten k\u00f6nnen wir schnell und passgenau die entsprechenden Wege schaffen.<\/p>\n","protected":false},"author":1,"featured_media":0,"parent":0,"menu_order":0,"comment_status":"closed","ping_status":"closed","template":"","meta":{"footnotes":""},"_links":{"self":[{"href":"https:\/\/www.hertwig-sanierung.de\/hertwig\/wp-json\/wp\/v2\/pages\/105"}],"collection":[{"href":"https:\/\/www.hertwig-sanierung.de\/hertwig\/wp-json\/wp\/v2\/pages"}],"about":[{"href":"https:\/\/www.hertwig-sanierung.de\/hertwig\/wp-json\/wp\/v2\/types\/page"}],"author":[{"embeddable":true,"href":"https:\/\/www.hertwig-sanierung.de\/hertwig\/wp-json\/wp\/v2\/users\/1"}],"replies":[{"embeddable":true,"href":"https:\/\/www.hertwig-sanierung.de\/hertwig\/wp-json\/wp\/v2\/comments?post=105"}],"version-history":[{"count":4,"href":"https:\/\/www.hertwig-sanierung.de\/hertwig\/wp-json\/wp\/v2\/pages\/105\/revisions"}],"predecessor-version":[{"id":401,"href":"https:\/\/www.hertwig-sanierung.de\/hertwig\/wp-json\/wp\/v2\/pages\/105\/revisions\/401"}],"wp:attachment":[{"href":"https:\/\/www.hertwig-sanierung.de\/hertwig\/wp-json\/wp\/v2\/media?parent=105"}],"curies":[{"name":"wp","href":"https:\/\/api.w.org\/{rel}","templated":true}]}}