{"id":103,"date":"2018-06-13T08:59:11","date_gmt":"2018-06-13T08:59:11","guid":{"rendered":"http:\/\/localhost\/wordpress1\/?page_id=103"},"modified":"2018-07-18T10:40:28","modified_gmt":"2018-07-18T10:40:28","slug":"waermedaemmung","status":"publish","type":"page","link":"https:\/\/www.hertwig-sanierung.de\/hertwig\/waermedaemmung\/","title":{"rendered":"W\u00e4rmed\u00e4mmung"},"content":{"rendered":"<p>Ob Innen- oder Au\u00dfend\u00e4mmung, in Dachschr\u00e4gen oder als begehbare Verlegeplatten f\u00fcr z.B. Trockenb\u00f6den &#8211; W\u00e4rmed\u00e4mmung ist ein topaktuelles Thema in Anbetracht von steigenden Energiepreisen und \u00f6kologischer Nachhaltigkeit. Wir finden gerne die optimale L\u00f6sung f\u00fcr Sie, nat\u00fcrlich auch mit Blick auf brandschutztechnische Standarts.<br \/>\n<\/br><br \/>\n<div id=\"attachment_352\" style=\"width: 610px\" class=\"wp-caption aligncenter\"><img loading=\"lazy\" decoding=\"async\" aria-describedby=\"caption-attachment-352\" src=\"http:\/\/www.hertwig-sanierung.de\/hertwig\/wp-content\/uploads\/2018\/07\/dreamstime_xxl_88073406_1200x800-300x200.jpg\" alt=\"\" width=\"600\" height=\"400\" class=\"size-medium wp-image-352\" srcset=\"https:\/\/www.hertwig-sanierung.de\/hertwig\/wp-content\/uploads\/2018\/07\/dreamstime_xxl_88073406_1200x800-300x200.jpg 300w, https:\/\/www.hertwig-sanierung.de\/hertwig\/wp-content\/uploads\/2018\/07\/dreamstime_xxl_88073406_1200x800-768x513.jpg 768w, https:\/\/www.hertwig-sanierung.de\/hertwig\/wp-content\/uploads\/2018\/07\/dreamstime_xxl_88073406_1200x800-1024x684.jpg 1024w, https:\/\/www.hertwig-sanierung.de\/hertwig\/wp-content\/uploads\/2018\/07\/dreamstime_xxl_88073406_1200x800-272x182.jpg 272w, https:\/\/www.hertwig-sanierung.de\/hertwig\/wp-content\/uploads\/2018\/07\/dreamstime_xxl_88073406_1200x800.jpg 1200w\" sizes=\"(max-width: 600px) 100vw, 600px\" \/><p id=\"caption-attachment-352\" class=\"wp-caption-text\">W\u00e4rmed\u00e4mmung &#8211; D\u00e4mmen einer Decke mit Mineralwolle<\/p><\/div><\/p>\n","protected":false},"excerpt":{"rendered":"<p>Ob Innen- oder Au\u00dfend\u00e4mmung, in Dachschr\u00e4gen oder als begehbare Verlegeplatten f\u00fcr z.B. Trockenb\u00f6den &#8211; W\u00e4rmed\u00e4mmung ist ein topaktuelles Thema in Anbetracht von steigenden Energiepreisen und \u00f6kologischer Nachhaltigkeit. Wir finden gerne die optimale L\u00f6sung f\u00fcr Sie, nat\u00fcrlich auch mit Blick auf brandschutztechnische Standarts.<\/p>\n","protected":false},"author":1,"featured_media":0,"parent":0,"menu_order":0,"comment_status":"closed","ping_status":"closed","template":"","meta":{"footnotes":""},"_links":{"self":[{"href":"https:\/\/www.hertwig-sanierung.de\/hertwig\/wp-json\/wp\/v2\/pages\/103"}],"collection":[{"href":"https:\/\/www.hertwig-sanierung.de\/hertwig\/wp-json\/wp\/v2\/pages"}],"about":[{"href":"https:\/\/www.hertwig-sanierung.de\/hertwig\/wp-json\/wp\/v2\/types\/page"}],"author":[{"embeddable":true,"href":"https:\/\/www.hertwig-sanierung.de\/hertwig\/wp-json\/wp\/v2\/users\/1"}],"replies":[{"embeddable":true,"href":"https:\/\/www.hertwig-sanierung.de\/hertwig\/wp-json\/wp\/v2\/comments?post=103"}],"version-history":[{"count":5,"href":"https:\/\/www.hertwig-sanierung.de\/hertwig\/wp-json\/wp\/v2\/pages\/103\/revisions"}],"predecessor-version":[{"id":398,"href":"https:\/\/www.hertwig-sanierung.de\/hertwig\/wp-json\/wp\/v2\/pages\/103\/revisions\/398"}],"wp:attachment":[{"href":"https:\/\/www.hertwig-sanierung.de\/hertwig\/wp-json\/wp\/v2\/media?parent=103"}],"curies":[{"name":"wp","href":"https:\/\/api.w.org\/{rel}","templated":true}]}}