{"id":101,"date":"2018-06-13T08:55:17","date_gmt":"2018-06-13T08:55:17","guid":{"rendered":"http:\/\/localhost\/wordpress1\/?page_id=101"},"modified":"2018-07-18T10:06:09","modified_gmt":"2018-07-18T10:06:09","slug":"verputzarbeiten","status":"publish","type":"page","link":"https:\/\/www.hertwig-sanierung.de\/hertwig\/verputzarbeiten\/","title":{"rendered":"Verputzarbeiten"},"content":{"rendered":"<p>Putze dienen dem Schutz einer Wand vor N\u00e4sse und Durchfeuchtung und dem Schaffen einer glatten, optisch ansprechenden Oberfl\u00e4che. Je nach Einsatzbereich k\u00f6nnen unterschiedliche Putze verwendet werden, die eine bestimmte Funktion \u00fcbernehmen k\u00f6nnen. Ein Fassadenputz z.B. \u00fcbernimmt den Schutz des Mauerwerks vor Wettereinfl\u00fcsse, Lehmputze k\u00f6nnen durch ihre Atmungsaktivit\u00e4t ein angenehmes Raumklima schaffen. Sanierputze sind im Stande, gro\u00dfe Wassermengen aufzunehmen oder Salze zu binden, sodass sie auch auf feuchteren und mit Salzen belasteten Untergr\u00fcnden optimalen halt bekommen.<br \/>\nDen passenden Putz f\u00fcr Ihre Be\u00fcrfnisse w\u00e4hlen wir dank jahrelanger Erfahrung und engem Kontakt zu unseren Zulieferen sicher f\u00fcr Sie aus und bringen ihn fachgerecht an Ihre Wand.<br \/>\n<\/br><br \/>\n<div id=\"attachment_351\" style=\"width: 610px\" class=\"wp-caption aligncenter\"><img loading=\"lazy\" decoding=\"async\" aria-describedby=\"caption-attachment-351\" src=\"http:\/\/www.hertwig-sanierung.de\/hertwig\/wp-content\/uploads\/2018\/07\/dreamstime_xxl_24260236_1200x800-300x200.jpg\" alt=\"\" width=\"600\" height=\"400\" class=\"size-medium wp-image-351\" srcset=\"https:\/\/www.hertwig-sanierung.de\/hertwig\/wp-content\/uploads\/2018\/07\/dreamstime_xxl_24260236_1200x800-300x200.jpg 300w, https:\/\/www.hertwig-sanierung.de\/hertwig\/wp-content\/uploads\/2018\/07\/dreamstime_xxl_24260236_1200x800-768x512.jpg 768w, https:\/\/www.hertwig-sanierung.de\/hertwig\/wp-content\/uploads\/2018\/07\/dreamstime_xxl_24260236_1200x800-1024x683.jpg 1024w, https:\/\/www.hertwig-sanierung.de\/hertwig\/wp-content\/uploads\/2018\/07\/dreamstime_xxl_24260236_1200x800-272x182.jpg 272w, https:\/\/www.hertwig-sanierung.de\/hertwig\/wp-content\/uploads\/2018\/07\/dreamstime_xxl_24260236_1200x800.jpg 1200w\" sizes=\"(max-width: 600px) 100vw, 600px\" \/><p id=\"caption-attachment-351\" class=\"wp-caption-text\">Verputzarbeiten<\/p><\/div><\/p>\n","protected":false},"excerpt":{"rendered":"<p>Putze dienen dem Schutz einer Wand vor N\u00e4sse und Durchfeuchtung und dem Schaffen einer glatten, optisch ansprechenden Oberfl\u00e4che. Je nach Einsatzbereich k\u00f6nnen unterschiedliche Putze verwendet werden, die eine bestimmte Funktion \u00fcbernehmen k\u00f6nnen. Ein Fassadenputz z.B. \u00fcbernimmt den Schutz des Mauerwerks vor Wettereinfl\u00fcsse, Lehmputze k\u00f6nnen durch ihre Atmungsaktivit\u00e4t ein angenehmes Raumklima schaffen. Sanierputze sind im Stande, [&hellip;]<\/p>\n","protected":false},"author":1,"featured_media":0,"parent":0,"menu_order":0,"comment_status":"closed","ping_status":"closed","template":"","meta":{"footnotes":""},"_links":{"self":[{"href":"https:\/\/www.hertwig-sanierung.de\/hertwig\/wp-json\/wp\/v2\/pages\/101"}],"collection":[{"href":"https:\/\/www.hertwig-sanierung.de\/hertwig\/wp-json\/wp\/v2\/pages"}],"about":[{"href":"https:\/\/www.hertwig-sanierung.de\/hertwig\/wp-json\/wp\/v2\/types\/page"}],"author":[{"embeddable":true,"href":"https:\/\/www.hertwig-sanierung.de\/hertwig\/wp-json\/wp\/v2\/users\/1"}],"replies":[{"embeddable":true,"href":"https:\/\/www.hertwig-sanierung.de\/hertwig\/wp-json\/wp\/v2\/comments?post=101"}],"version-history":[{"count":4,"href":"https:\/\/www.hertwig-sanierung.de\/hertwig\/wp-json\/wp\/v2\/pages\/101\/revisions"}],"predecessor-version":[{"id":394,"href":"https:\/\/www.hertwig-sanierung.de\/hertwig\/wp-json\/wp\/v2\/pages\/101\/revisions\/394"}],"wp:attachment":[{"href":"https:\/\/www.hertwig-sanierung.de\/hertwig\/wp-json\/wp\/v2\/media?parent=101"}],"curies":[{"name":"wp","href":"https:\/\/api.w.org\/{rel}","templated":true}]}}